{"id":872,"date":"2023-10-30T17:37:56","date_gmt":"2023-10-30T16:37:56","guid":{"rendered":"https:\/\/www.cintisport.it\/?post_type=product&#038;p=872"},"modified":"2024-02-20T12:38:55","modified_gmt":"2024-02-20T11:38:55","slug":"cmp-giacca-donna-in-softshell-con-cappuccio-staccabile","status":"publish","type":"product","link":"https:\/\/www.cintisport.it\/?product=cmp-giacca-donna-in-softshell-con-cappuccio-staccabile","title":{"rendered":"CMP GIACCA DONNA IN SOFTSHELL CON CAPPUCCIO STACCABILE"},"content":{"rendered":"<p>CMP GIACCA DONNA IN SOFTSHELL CON CAPPUCCIO STACCABILE<\/p>\n<p>Un&#8217;icona delle collezioni outdoor CMP, in grado di proteggerti in montagna e in citt\u00e0.<br \/>\nAl tessuto esterno in softshell \u00e8 stato accoppiato un morbido e caldo strato in pile che dona una piacevole sensazione di comfort a contatto con la pelle. In mezzo, la membrana Clima Protect assicura impermeabilit\u00e0 e traspirabilit\u00e0 (Waterproof 7.000, MVP 1.000). \u00c8 dotato di cappuccio staccabile a scomparsa e di numerosi dettagli come la tasca termoapplicata sulla manica, le due tasche laterali con interno in rete, chiusura a zip e doppia coulisse sul fondo.<\/p>\n","protected":false},"excerpt":{"rendered":"<p>CMP GIACCA DONNA IN SOFTSHELL CON CAPPUCCIO STACCABILE<br \/>\nUn&#8217;icona delle collezioni outdoor CMP, in grado di proteggerti in montagna e in citt\u00e0.<br \/>\nAl tessuto esterno in softshell \u00e8 stato accoppiato un morbido e caldo strato in pile che dona una piacevole sensazione di comfort a contatto con la pelle.<br \/>\nIn mezzo, la membrana Clima Protect assicura impermeabilit\u00e0 e traspirabilit\u00e0 (Waterproof 7.000, MVP 1.000).<br \/>\n\u00c8 dotato di cappuccio staccabile a scomparsa e di numerosi dettagli come la tasca termoapplicata sulla manica, le due tasche laterali con interno in rete, chiusura a zip e doppia coulisse sul fondo.<\/p>\n","protected":false},"featured_media":879,"comment_status":"open","ping_status":"closed","template":"","meta":{"_editorskit_title_hidden":false,"_editorskit_reading_time":0,"_editorskit_is_block_options_detached":false,"_editorskit_block_options_position":"{}","inline_featured_image":false},"product_brand":[],"product_cat":[16,25,27],"product_tag":[],"class_list":{"0":"post-872","1":"product","2":"type-product","3":"status-publish","4":"has-post-thumbnail","6":"product_cat-donna","7":"product_cat-abbigliamento-donna","8":"product_cat-giacche-donna","9":"pa_taglia-xs","10":"pa_taglia-s","11":"pa_taglia-m","12":"pa_taglia-l","13":"pa_taglia-xl","14":"pa_taglia-xxl","16":"first","17":"outofstock","18":"shipping-taxable","19":"purchasable","20":"product-type-variable"},"_links":{"self":[{"href":"https:\/\/www.cintisport.it\/index.php?rest_route=\/wp\/v2\/product\/872","targetHints":{"allow":["GET"]}}],"collection":[{"href":"https:\/\/www.cintisport.it\/index.php?rest_route=\/wp\/v2\/product"}],"about":[{"href":"https:\/\/www.cintisport.it\/index.php?rest_route=\/wp\/v2\/types\/product"}],"replies":[{"embeddable":true,"href":"https:\/\/www.cintisport.it\/index.php?rest_route=%2Fwp%2Fv2%2Fcomments&post=872"}],"wp:featuredmedia":[{"embeddable":true,"href":"https:\/\/www.cintisport.it\/index.php?rest_route=\/wp\/v2\/media\/879"}],"wp:attachment":[{"href":"https:\/\/www.cintisport.it\/index.php?rest_route=%2Fwp%2Fv2%2Fmedia&parent=872"}],"wp:term":[{"taxonomy":"product_brand","embeddable":true,"href":"https:\/\/www.cintisport.it\/index.php?rest_route=%2Fwp%2Fv2%2Fproduct_brand&post=872"},{"taxonomy":"product_cat","embeddable":true,"href":"https:\/\/www.cintisport.it\/index.php?rest_route=%2Fwp%2Fv2%2Fproduct_cat&post=872"},{"taxonomy":"product_tag","embeddable":true,"href":"https:\/\/www.cintisport.it\/index.php?rest_route=%2Fwp%2Fv2%2Fproduct_tag&post=872"}],"curies":[{"name":"wp","href":"https:\/\/api.w.org\/{rel}","templated":true}]}}