{"id":705,"date":"2023-10-04T12:17:53","date_gmt":"2023-10-04T10:17:53","guid":{"rendered":"https:\/\/www.cintisport.it\/?post_type=product&#038;p=705"},"modified":"2026-01-27T18:40:12","modified_gmt":"2026-01-27T17:40:12","slug":"under-armour-charged-pursuit3","status":"publish","type":"product","link":"https:\/\/www.cintisport.it\/?product=under-armour-charged-pursuit3","title":{"rendered":"UNDER ARMOUR CHARGED PURSUIT3"},"content":{"rendered":"<p>UNDER ARMOUR CHARGED PURSUIT3<\/p>\n<p>Leggerezza e flessibilit\u00e0 sono le regole del gioco. La struttura in mesh offre una maggiore traspirabilit\u00e0 e la tecnologia Charged Cushioning aiuta ad assorbire gli impatti. Indossale e non fermarti pi\u00f9.<\/p>\n","protected":false},"excerpt":{"rendered":"<p>UNDER ARMOUR CHARGED PURSUIT3<br \/>\nLeggerezza e flessibilit\u00e0 sono le regole del gioco. La struttura in mesh offre una maggiore traspirabilit\u00e0 e la tecnologia Charged Cushioning aiuta ad assorbire gli impatti. Indossale e non fermarti pi\u00f9.<\/p>\n","protected":false},"featured_media":717,"comment_status":"open","ping_status":"closed","template":"","meta":{"_editorskit_title_hidden":false,"_editorskit_reading_time":0,"_editorskit_is_block_options_detached":false,"_editorskit_block_options_position":"{}","inline_featured_image":false},"product_brand":[],"product_cat":[15,31,33],"product_tag":[],"class_list":{"0":"post-705","1":"product","2":"type-product","3":"status-publish","4":"has-post-thumbnail","6":"product_cat-uomo","7":"product_cat-calzature-uomo","8":"product_cat-running-uomo","10":"first","11":"outofstock","12":"shipping-taxable","13":"purchasable","14":"product-type-variable"},"_links":{"self":[{"href":"https:\/\/www.cintisport.it\/index.php?rest_route=\/wp\/v2\/product\/705","targetHints":{"allow":["GET"]}}],"collection":[{"href":"https:\/\/www.cintisport.it\/index.php?rest_route=\/wp\/v2\/product"}],"about":[{"href":"https:\/\/www.cintisport.it\/index.php?rest_route=\/wp\/v2\/types\/product"}],"replies":[{"embeddable":true,"href":"https:\/\/www.cintisport.it\/index.php?rest_route=%2Fwp%2Fv2%2Fcomments&post=705"}],"wp:featuredmedia":[{"embeddable":true,"href":"https:\/\/www.cintisport.it\/index.php?rest_route=\/wp\/v2\/media\/717"}],"wp:attachment":[{"href":"https:\/\/www.cintisport.it\/index.php?rest_route=%2Fwp%2Fv2%2Fmedia&parent=705"}],"wp:term":[{"taxonomy":"product_brand","embeddable":true,"href":"https:\/\/www.cintisport.it\/index.php?rest_route=%2Fwp%2Fv2%2Fproduct_brand&post=705"},{"taxonomy":"product_cat","embeddable":true,"href":"https:\/\/www.cintisport.it\/index.php?rest_route=%2Fwp%2Fv2%2Fproduct_cat&post=705"},{"taxonomy":"product_tag","embeddable":true,"href":"https:\/\/www.cintisport.it\/index.php?rest_route=%2Fwp%2Fv2%2Fproduct_tag&post=705"}],"curies":[{"name":"wp","href":"https:\/\/api.w.org\/{rel}","templated":true}]}}