{"id":1678,"date":"2026-05-12T17:36:19","date_gmt":"2026-05-12T15:36:19","guid":{"rendered":"https:\/\/www.cintisport.it\/?post_type=product&#038;p=1678"},"modified":"2026-05-12T17:54:19","modified_gmt":"2026-05-12T15:54:19","slug":"adidas-w-linear-ts-tuta-donna","status":"publish","type":"product","link":"https:\/\/www.cintisport.it\/?product=adidas-w-linear-ts-tuta-donna","title":{"rendered":"ADIDAS &#8211; W LINEAR TS TUTA DONNA"},"content":{"rendered":"<p>ADIDAS &#8211; W LINEAR TS TUTA DONNA<\/p>\n<p>Tuta da donna della collezione adidas Sportswear \u00e8 una scelta eccellente per la vita quotidiana e per l\u2019attivit\u00e0 sportiva.<\/p>\n<p>La felpa con cappuccio, con chiusura lampo, offre comfort e funzionalit\u00e0, mentre i pantaloni con gamba aderente evidenziano uno stile moderno.<\/p>\n<p>Realizzato in materiale riciclato, questo completo rappresenta una proposta pratica e pi\u00f9 ecologica.<\/p>\n<p>Il taglio slim si adatta alla silhouette, garantendo libert\u00e0 di movimento durante qualsiasi attivit\u00e0.<\/p>\n<p>Il carattere versatile e il design classico rendono questa tuta perfetta in diverse situazioni \u2013 dall\u2019allenamento al relax a casa.<\/p>\n","protected":false},"excerpt":{"rendered":"<p>ADIDAS &#8211; W LINEAR TS TUTA DONNA<\/p>\n<p>Tuta da donna della collezione adidas Sportswear \u00a0\u00e8 una scelta eccellente per la vita quotidiana e per l\u2019attivit\u00e0 sportiva.<\/p>\n<p>La felpa con cappuccio, con chiusura lampo, offre comfort e funzionalit\u00e0, mentre i pantaloni con gamba aderente evidenziano uno stile moderno.<\/p>\n<p>Realizzato in materiale riciclato, questo completo rappresenta una proposta pratica e pi\u00f9 ecologica. Il taglio slim si adatta alla silhouette, garantendo libert\u00e0 di movimento durante qualsiasi attivit\u00e0.<\/p>\n<p>Il carattere versatile e il design classico rendono questa tuta perfetta in diverse situazioni \u2013 dall\u2019allenamento al relax a casa.<\/p>\n","protected":false},"featured_media":1684,"comment_status":"open","ping_status":"closed","template":"","meta":{"_editorskit_title_hidden":false,"_editorskit_reading_time":0,"_editorskit_is_block_options_detached":false,"_editorskit_block_options_position":"{}","_crdt_document":"","inline_featured_image":false},"product_brand":[],"product_cat":[25,16,30],"product_tag":[],"class_list":{"0":"post-1678","1":"product","2":"type-product","3":"status-publish","4":"has-post-thumbnail","6":"product_cat-abbigliamento-donna","7":"product_cat-donna","8":"product_cat-tute-donna","9":"pa_taglia-l","10":"pa_taglia-m","11":"pa_taglia-s","12":"pa_taglia-xl","13":"pa_taglia-xs","14":"pa_taglia-xxl","16":"first","17":"instock","18":"shipping-taxable","19":"purchasable","20":"product-type-variable"},"_links":{"self":[{"href":"https:\/\/www.cintisport.it\/index.php?rest_route=\/wp\/v2\/product\/1678","targetHints":{"allow":["GET"]}}],"collection":[{"href":"https:\/\/www.cintisport.it\/index.php?rest_route=\/wp\/v2\/product"}],"about":[{"href":"https:\/\/www.cintisport.it\/index.php?rest_route=\/wp\/v2\/types\/product"}],"replies":[{"embeddable":true,"href":"https:\/\/www.cintisport.it\/index.php?rest_route=%2Fwp%2Fv2%2Fcomments&post=1678"}],"wp:featuredmedia":[{"embeddable":true,"href":"https:\/\/www.cintisport.it\/index.php?rest_route=\/wp\/v2\/media\/1684"}],"wp:attachment":[{"href":"https:\/\/www.cintisport.it\/index.php?rest_route=%2Fwp%2Fv2%2Fmedia&parent=1678"}],"wp:term":[{"taxonomy":"product_brand","embeddable":true,"href":"https:\/\/www.cintisport.it\/index.php?rest_route=%2Fwp%2Fv2%2Fproduct_brand&post=1678"},{"taxonomy":"product_cat","embeddable":true,"href":"https:\/\/www.cintisport.it\/index.php?rest_route=%2Fwp%2Fv2%2Fproduct_cat&post=1678"},{"taxonomy":"product_tag","embeddable":true,"href":"https:\/\/www.cintisport.it\/index.php?rest_route=%2Fwp%2Fv2%2Fproduct_tag&post=1678"}],"curies":[{"name":"wp","href":"https:\/\/api.w.org\/{rel}","templated":true}]}}