{"id":1077,"date":"2024-10-02T17:54:22","date_gmt":"2024-10-02T15:54:22","guid":{"rendered":"https:\/\/www.cintisport.it\/?post_type=product&#038;p=1077"},"modified":"2026-01-27T17:11:15","modified_gmt":"2026-01-27T16:11:15","slug":"mizuno-morelia-neo-iv-belite-mix","status":"publish","type":"product","link":"https:\/\/www.cintisport.it\/?product=mizuno-morelia-neo-iv-belite-mix","title":{"rendered":"MIZUNO MORELIA NEO IV BELITE MIX"},"content":{"rendered":"<p>MIZUNO MORELIA NEO IV BELITE MIX<\/p>\n<p>Migliora la tecnica con una scarpa che regala la sensazione di essere a piedi nudi, strutturata con svariate migliorie.<br \/>\nQuesta scarpa da calcio in vera K-Leather offre la sensazione di stare a piedi nudi, combinata con una durabilit\u00e0 che ti consentir\u00e0 di raggiungere le migliori velocit\u00e0 di sempre.<br \/>\nSuperfice: &#8211; Terreni fangosi.<\/p>\n<p>&nbsp;<\/p>\n","protected":false},"excerpt":{"rendered":"<p>MIZUNO MORELIA NEO IV BELITE MIX<\/p>\n<p>Migliora la tecnica con una scarpa che regala la sensazione di essere a piedi nudi, strutturata con svariate migliorie.<br \/>\nQuesta scarpa da calcio in vera K-Leather offre la sensazione di stare a piedi nudi, combinata con una durabilit\u00e0 che ti consentir\u00e0 di raggiungere le migliori velocit\u00e0 di sempre.<br \/>\nSuperfice: &#8211; Terreni fangosi.<\/p>\n<p>&nbsp;<\/p>\n","protected":false},"featured_media":1088,"comment_status":"open","ping_status":"closed","template":"","meta":{"_editorskit_title_hidden":false,"_editorskit_reading_time":0,"_editorskit_is_block_options_detached":false,"_editorskit_block_options_position":"{}","inline_featured_image":false},"product_brand":[],"product_cat":[15,31,34],"product_tag":[],"class_list":{"0":"post-1077","1":"product","2":"type-product","3":"status-publish","4":"has-post-thumbnail","6":"product_cat-uomo","7":"product_cat-calzature-uomo","8":"product_cat-calcio-calcetto-uomo","10":"first","11":"instock","12":"shipping-taxable","13":"purchasable","14":"product-type-variable"},"_links":{"self":[{"href":"https:\/\/www.cintisport.it\/index.php?rest_route=\/wp\/v2\/product\/1077","targetHints":{"allow":["GET"]}}],"collection":[{"href":"https:\/\/www.cintisport.it\/index.php?rest_route=\/wp\/v2\/product"}],"about":[{"href":"https:\/\/www.cintisport.it\/index.php?rest_route=\/wp\/v2\/types\/product"}],"replies":[{"embeddable":true,"href":"https:\/\/www.cintisport.it\/index.php?rest_route=%2Fwp%2Fv2%2Fcomments&post=1077"}],"wp:featuredmedia":[{"embeddable":true,"href":"https:\/\/www.cintisport.it\/index.php?rest_route=\/wp\/v2\/media\/1088"}],"wp:attachment":[{"href":"https:\/\/www.cintisport.it\/index.php?rest_route=%2Fwp%2Fv2%2Fmedia&parent=1077"}],"wp:term":[{"taxonomy":"product_brand","embeddable":true,"href":"https:\/\/www.cintisport.it\/index.php?rest_route=%2Fwp%2Fv2%2Fproduct_brand&post=1077"},{"taxonomy":"product_cat","embeddable":true,"href":"https:\/\/www.cintisport.it\/index.php?rest_route=%2Fwp%2Fv2%2Fproduct_cat&post=1077"},{"taxonomy":"product_tag","embeddable":true,"href":"https:\/\/www.cintisport.it\/index.php?rest_route=%2Fwp%2Fv2%2Fproduct_tag&post=1077"}],"curies":[{"name":"wp","href":"https:\/\/api.w.org\/{rel}","templated":true}]}}