{"id":1032,"date":"2023-12-16T11:34:27","date_gmt":"2023-12-16T10:34:27","guid":{"rendered":"https:\/\/www.cintisport.it\/?post_type=product&#038;p=1032"},"modified":"2026-01-27T17:17:00","modified_gmt":"2026-01-27T16:17:00","slug":"mizuno-morelia-neo-iv-pro-si","status":"publish","type":"product","link":"https:\/\/www.cintisport.it\/?product=mizuno-morelia-neo-iv-pro-si","title":{"rendered":"MIZUNO MORELIA NEO IV PRO SI"},"content":{"rendered":"<p>MIZUNO MORELIA NEO IV PRO SI<\/p>\n<p>Potenzia le tue tecniche con una scarpa che offre la sensazione di essere a piedi nudi, progettata con numerosi miglioramenti.<br \/>\nQuesta scarpa da calcio in vera pelle di canguro offre la sensazione di essere a piedi nudi combinata con una durabilit\u00e0 che ti manterr\u00e0 forte mentre raggiungi le tue migliori velocit\u00e0 di sempre.<br \/>\nNuova struttura degli occhielli dei lacci (la disposizione ridisegnata degli occhielli riduce al minimo le pieghe durante la flessione e si adatta meglio al piede).<\/p>\n","protected":false},"excerpt":{"rendered":"<p>MIZUNO MORELIA NEO IV PRO SI<br \/>\nPotenzia le tue tecniche con una scarpa che offre la sensazione di essere a piedi nudi, progettata con numerosi miglioramenti.<br \/>\nQuesta scarpa da calcio in vera pelle di canguro offre la sensazione di essere a piedi nudi combinata con una durabilit\u00e0 che ti manterr\u00e0 forte mentre raggiungi le tue migliori velocit\u00e0 di sempre.<br \/>\nNuova struttura degli occhielli dei lacci (la disposizione ridisegnata degli occhielli riduce al minimo le pieghe durante la flessione e si adatta meglio al piede).<\/p>\n","protected":false},"featured_media":1043,"comment_status":"open","ping_status":"closed","template":"","meta":{"_editorskit_title_hidden":false,"_editorskit_reading_time":0,"_editorskit_is_block_options_detached":false,"_editorskit_block_options_position":"{}","inline_featured_image":false},"product_brand":[],"product_cat":[15,31,34],"product_tag":[],"class_list":{"0":"post-1032","1":"product","2":"type-product","3":"status-publish","4":"has-post-thumbnail","6":"product_cat-uomo","7":"product_cat-calzature-uomo","8":"product_cat-calcio-calcetto-uomo","10":"first","11":"instock","12":"shipping-taxable","13":"purchasable","14":"product-type-variable"},"_links":{"self":[{"href":"https:\/\/www.cintisport.it\/index.php?rest_route=\/wp\/v2\/product\/1032","targetHints":{"allow":["GET"]}}],"collection":[{"href":"https:\/\/www.cintisport.it\/index.php?rest_route=\/wp\/v2\/product"}],"about":[{"href":"https:\/\/www.cintisport.it\/index.php?rest_route=\/wp\/v2\/types\/product"}],"replies":[{"embeddable":true,"href":"https:\/\/www.cintisport.it\/index.php?rest_route=%2Fwp%2Fv2%2Fcomments&post=1032"}],"wp:featuredmedia":[{"embeddable":true,"href":"https:\/\/www.cintisport.it\/index.php?rest_route=\/wp\/v2\/media\/1043"}],"wp:attachment":[{"href":"https:\/\/www.cintisport.it\/index.php?rest_route=%2Fwp%2Fv2%2Fmedia&parent=1032"}],"wp:term":[{"taxonomy":"product_brand","embeddable":true,"href":"https:\/\/www.cintisport.it\/index.php?rest_route=%2Fwp%2Fv2%2Fproduct_brand&post=1032"},{"taxonomy":"product_cat","embeddable":true,"href":"https:\/\/www.cintisport.it\/index.php?rest_route=%2Fwp%2Fv2%2Fproduct_cat&post=1032"},{"taxonomy":"product_tag","embeddable":true,"href":"https:\/\/www.cintisport.it\/index.php?rest_route=%2Fwp%2Fv2%2Fproduct_tag&post=1032"}],"curies":[{"name":"wp","href":"https:\/\/api.w.org\/{rel}","templated":true}]}}